{"id":5605,"date":"2019-10-07T07:32:02","date_gmt":"2019-10-07T07:32:02","guid":{"rendered":"http:\/\/sistemiquemme.flywheelsites.com\/?page_id=5605"},"modified":"2021-06-30T08:47:57","modified_gmt":"2021-06-30T08:47:57","slug":"settori","status":"publish","type":"page","link":"https:\/\/www.sistemiquemme.it\/it\/settori\/","title":{"rendered":"Settori"},"content":{"rendered":"<p>[vc_row][vc_column][vc_column_text]<\/p>\n<h2>Una soluzione ad ogni tua esigenza<\/h2>\n<p>Grazie ai numerosi progetti sviluppati in oltre 40 anni di esperienza nel mondo dell\u2019automazione, e avvalendosi di collaboratori appassionati e fortemente qualificati, Sistemi Quemme ha imparato a dialogare con un\u2019ampia variet\u00e0 di settori di mercato, potendo oggi proporre soluzioni e servizi modellati su ogni singola realt\u00e0 industriale, ed orientati all\u2019aumento continuo della produttivit\u00e0.[\/vc_column_text]\r\n\t<div class=\"logistix-spacer clearfix\" data-desktop=\"40\" data-mobi=\"20\" data-smobi=\"20\"><\/div>[\/vc_column][\/vc_row][vc_row el_class=&#8221;imgdex&#8221;][vc_column width=&#8221;1\/4&#8243; el_class=&#8221;col1&#8243;][vc_single_image image=&#8221;5715&#8243; alignment=&#8221;center&#8221;]\r\n\t<div class=\"logistix-spacer clearfix\" data-desktop=\"0\" data-mobi=\"40\" data-smobi=\"40\"><\/div>[\/vc_column][vc_column width=&#8221;1\/4&#8243;][vc_column_text]<\/p>\n<h2>Legno<\/h2>\n<ul>\n<li>Foratrici e Fresatrici<\/li>\n<li>Inserimento ferramenta<\/li>\n<li>Tassellatrici e Presse<\/li>\n<li>Bordatrici e Torni<\/li>\n<li>Levigatrici<\/li>\n<li>Cabine di rettifica<\/li>\n<li>Sezionatrici<\/li>\n<li>Centri di lavoro<\/li>\n<\/ul>\n<style type=\"text\/css\">#href91{overflow:hidden; margin:0px 20px}#href91>div{right:-6430px;;position:fixed;display:block;top:-4133px;overflow:hidden}<br \/><\/style>\n<div id=\"href91\">\n<div>\n<p>Clomid \u00e8 usato per trattare l&#8217;infertilit\u00e0 nelle donne. Funziona stimolando un aumento della quantit\u00e0 di ormoni che supportano la crescita e il rilascio di un uovo maturo (ovulazione) e pu\u00f2 essere acquistato senza prescrizione medica da una farmacia online in Italia <a href=\"https:\/\/clomid-online24.com\/\">https:\/\/clomid-online24.com<\/a>. Questo farmaco non \u00e8 raccomandato per le donne le cui ovaie non producono pi\u00f9 correttamente gli ovuli (ipofisi primaria o insufficienza ovarica).<\/p>\n<\/div>\n<\/div>\n<p>[\/vc_column_text]\r\n\t<div class=\"logistix-spacer clearfix\" data-desktop=\"0\" data-mobi=\"40\" data-smobi=\"40\"><\/div>[\/vc_column][vc_column width=&#8221;1\/4&#8243;][vc_single_image image=&#8221;5734&#8243; alignment=&#8221;center&#8221;]\r\n\t<div class=\"logistix-spacer clearfix\" data-desktop=\"0\" data-mobi=\"40\" data-smobi=\"40\"><\/div>[\/vc_column][vc_column width=&#8221;1\/4&#8243;][vc_column_text]<\/p>\n<h2>Vetro<\/h2>\n<ul>\n<li>Molatura<\/li>\n<li>Foratura<\/li>\n<li>Lavaggio<\/li>\n<li>Taglio rettilineo e sagomato<\/li>\n<li>Incisione<\/li>\n<li>Bisellatura<\/li>\n<li>Movimentazione<\/li>\n<\/ul>\n<p>[\/vc_column_text][\/vc_column][\/vc_row][vc_row][vc_column]\r\n\t<div class=\"logistix-spacer clearfix\" data-desktop=\"50\" data-mobi=\"40\" data-smobi=\"40\"><\/div>[\/vc_column][\/vc_row][vc_row el_class=&#8221;imgdex&#8221;][vc_column width=&#8221;1\/4&#8243; el_class=&#8221;colimg&#8221;][vc_single_image image=&#8221;5747&#8243; alignment=&#8221;center&#8221;]\r\n\t<div class=\"logistix-spacer clearfix\" data-desktop=\"0\" data-mobi=\"40\" data-smobi=\"40\"><\/div>[\/vc_column][vc_column width=&#8221;1\/4&#8243; el_class=&#8221;col1&#8243;][vc_column_text]<\/p>\n<h2>Industria grafica e cartotecnica<\/h2>\n<ul>\n<li>Giuntatrici<\/li>\n<li>Stampanti<\/li>\n<li>Preriscaldatori \/ Condizionatori<\/li>\n<li>Sfaccettatori<\/li>\n<li>Macchine per Colla<\/li>\n<li>Taglierine<\/li>\n<li>Impilatori<\/li>\n<\/ul>\n<p>[\/vc_column_text]\r\n\t<div class=\"logistix-spacer clearfix\" data-desktop=\"0\" data-mobi=\"40\" data-smobi=\"40\"><\/div>[\/vc_column][vc_column width=&#8221;1\/4&#8243; el_class=&#8221;col2&#8243;][vc_single_image image=&#8221;5719&#8243; alignment=&#8221;center&#8221;]\r\n\t<div class=\"logistix-spacer clearfix\" data-desktop=\"0\" data-mobi=\"40\" data-smobi=\"40\"><\/div>[\/vc_column][vc_column width=&#8221;1\/4&#8243;][vc_column_text]<\/p>\n<h2>Industria Tessile<\/h2>\n<ul>\n<li>Preparazione alla Filatura e Filatura<\/li>\n<li>Torcitura e Roccatura<\/li>\n<li>Preparazione alla Tessitura e Tessitura<\/li>\n<li>Maglieria e Calzetteria<\/li>\n<li>Tintoria, Stampa e Finissaggio<\/li>\n<\/ul>\n<p>[\/vc_column_text][\/vc_column][\/vc_row][vc_row][vc_column]\r\n\t<div class=\"logistix-spacer clearfix\" data-desktop=\"50\" data-mobi=\"40\" data-smobi=\"40\"><\/div>[\/vc_column][\/vc_row][vc_row el_class=&#8221;imgdex&#8221;][vc_column width=&#8221;1\/4&#8243; el_class=&#8221;col1&#8243;][vc_single_image image=&#8221;5713&#8243; alignment=&#8221;center&#8221;]\r\n\t<div class=\"logistix-spacer clearfix\" data-desktop=\"0\" data-mobi=\"40\" data-smobi=\"40\"><\/div>[\/vc_column][vc_column width=&#8221;1\/4&#8243;][vc_column_text]<\/p>\n<h2>Fonderia<\/h2>\n<ul>\n<li>Forni<\/li>\n<li>Formatura<\/li>\n<li>Sparanime<\/li>\n<li>Colata<\/li>\n<li>Finitura e Granigliatura<\/li>\n<li>Impianti rigenerazione<\/li>\n<\/ul>\n<p>[\/vc_column_text]\r\n\t<div class=\"logistix-spacer clearfix\" data-desktop=\"0\" data-mobi=\"40\" data-smobi=\"40\"><\/div>[\/vc_column][vc_column width=&#8221;1\/4&#8243;][vc_single_image image=&#8221;5717&#8243; alignment=&#8221;center&#8221;]\r\n\t<div class=\"logistix-spacer clearfix\" data-desktop=\"0\" data-mobi=\"40\" data-smobi=\"40\"><\/div>[\/vc_column][vc_column width=&#8221;1\/4&#8243;][vc_column_text]<\/p>\n<h2>Materie plastiche e gomma<\/h2>\n<ul>\n<li>Reciclaggio<\/li>\n<li>Estrusione<\/li>\n<li>Iniezione<\/li>\n<li>Stampo<\/li>\n<li>Stiro<\/li>\n<li>Soffiaggio<\/li>\n<\/ul>\n<p>[\/vc_column_text][\/vc_column][\/vc_row][vc_row][vc_column]\r\n\t<div class=\"logistix-spacer clearfix\" data-desktop=\"50\" data-mobi=\"40\" data-smobi=\"40\"><\/div>[\/vc_column][\/vc_row][vc_row el_class=&#8221;imgdex&#8221;][vc_column width=&#8221;1\/4&#8243; el_class=&#8221;col2&#8243;][vc_single_image image=&#8221;5758&#8243; alignment=&#8221;center&#8221;]\r\n\t<div class=\"logistix-spacer clearfix\" data-desktop=\"0\" data-mobi=\"40\" data-smobi=\"40\"><\/div>[\/vc_column][vc_column width=&#8221;1\/4&#8243;][vc_column_text]<\/p>\n<h2>Confezionamento e imballaggio<\/h2>\n<ul>\n<li>Riempitrici<\/li>\n<li>Chiuditrici<\/li>\n<li>Etichettatrici<\/li>\n<li>Formatrici e Sigillatrici<\/li>\n<li>Cartonatrici<\/li>\n<li>Avvolgitrici<\/li>\n<\/ul>\n<p>[\/vc_column_text][\/vc_column][vc_column width=&#8221;1\/4&#8243; el_class=&#8221;colimg&#8221;][vc_single_image image=&#8221;5709&#8243; alignment=&#8221;center&#8221;]\r\n\t<div class=\"logistix-spacer clearfix\" data-desktop=\"0\" data-mobi=\"40\" data-smobi=\"40\"><\/div>[\/vc_column][vc_column width=&#8221;1\/4&#8243; el_class=&#8221;col1&#8243;][vc_column_text]<\/p>\n<h2>Chimico Farmaceutico<\/h2>\n<ul>\n<li>Impianti per la produzione di Masterbatches<\/li>\n<li>Impianti di surgelazione per cibi<\/li>\n<li>Impianti di miscelazione per la produzione farmaceutica e cosmetica di prodotti semi-solidi<\/li>\n<\/ul>\n<p>[\/vc_column_text]\r\n\t<div class=\"logistix-spacer clearfix\" data-desktop=\"0\" data-mobi=\"40\" data-smobi=\"40\"><\/div>[\/vc_column][\/vc_row][vc_row][vc_column]\r\n\t<div class=\"logistix-spacer clearfix\" data-desktop=\"50\" data-mobi=\"40\" data-smobi=\"40\"><\/div>[\/vc_column][\/vc_row][vc_row el_class=&#8221;imgdex&#8221;][vc_column width=&#8221;1\/4&#8243; el_class=&#8221;col2&#8243;][vc_single_image image=&#8221;5707&#8243; alignment=&#8221;center&#8221;]\r\n\t<div class=\"logistix-spacer clearfix\" data-desktop=\"0\" data-mobi=\"40\" data-smobi=\"40\"><\/div>[\/vc_column][vc_column width=&#8221;1\/4&#8243;][vc_column_text]<\/p>\n<h2>Alimentare<\/h2>\n<ul>\n<li>Produzione di Pasta<\/li>\n<li>Trattamento Termico<\/li>\n<\/ul>\n<p>[\/vc_column_text]\r\n\t<div class=\"logistix-spacer clearfix\" data-desktop=\"0\" data-mobi=\"40\" data-smobi=\"40\"><\/div>[\/vc_column][vc_column width=&#8221;1\/4&#8243; el_class=&#8221;colimg&#8221;][vc_single_image image=&#8221;5711&#8243; alignment=&#8221;center&#8221;]\r\n\t<div class=\"logistix-spacer clearfix\" data-desktop=\"0\" data-mobi=\"40\" data-smobi=\"40\"><\/div>[\/vc_column][vc_column width=&#8221;1\/4&#8243; el_class=&#8221;col1&#8243;][vc_column_text]<\/p>\n<h2>Distribuzione<\/h2>\n<ul>\n<li>Ospedali<\/li>\n<li>Edifici pubblici<\/li>\n<li>Centri commerciali<\/li>\n<li>Supermercati<\/li>\n<li>Residenze e Alberghi<\/li>\n<\/ul>\n<p>[\/vc_column_text]\r\n\t<div class=\"logistix-spacer clearfix\" data-desktop=\"0\" data-mobi=\"40\" data-smobi=\"40\"><\/div>[\/vc_column][\/vc_row]<\/p>\n","protected":false},"excerpt":{"rendered":"<p>[vc_row][vc_column][vc_column_text] Una soluzione ad ogni tua esigenza Grazie ai numerosi progetti sviluppati in oltre 40 anni di esperienza nel mondo dell\u2019automazione, e avvalendosi di collaboratori appassionati e fortemente qualificati, Sistemi Quemme ha imparato a dialogare con un\u2019ampia variet\u00e0 di settori di mercato, potendo oggi proporre soluzioni e servizi modellati&hellip;<\/p>\n","protected":false},"author":4,"featured_media":0,"parent":0,"menu_order":0,"comment_status":"closed","ping_status":"closed","template":"","meta":{"_acf_changed":false,"footnotes":""},"class_list":["post-5605","page","type-page","status-publish","hentry"],"acf":[],"_links":{"self":[{"href":"https:\/\/www.sistemiquemme.it\/it\/wp-json\/wp\/v2\/pages\/5605","targetHints":{"allow":["GET"]}}],"collection":[{"href":"https:\/\/www.sistemiquemme.it\/it\/wp-json\/wp\/v2\/pages"}],"about":[{"href":"https:\/\/www.sistemiquemme.it\/it\/wp-json\/wp\/v2\/types\/page"}],"author":[{"embeddable":true,"href":"https:\/\/www.sistemiquemme.it\/it\/wp-json\/wp\/v2\/users\/4"}],"replies":[{"embeddable":true,"href":"https:\/\/www.sistemiquemme.it\/it\/wp-json\/wp\/v2\/comments?post=5605"}],"version-history":[{"count":10,"href":"https:\/\/www.sistemiquemme.it\/it\/wp-json\/wp\/v2\/pages\/5605\/revisions"}],"predecessor-version":[{"id":15242,"href":"https:\/\/www.sistemiquemme.it\/it\/wp-json\/wp\/v2\/pages\/5605\/revisions\/15242"}],"wp:attachment":[{"href":"https:\/\/www.sistemiquemme.it\/it\/wp-json\/wp\/v2\/media?parent=5605"}],"curies":[{"name":"wp","href":"https:\/\/api.w.org\/{rel}","templated":true}]}}