{"id":5234,"date":"2019-06-11T12:36:56","date_gmt":"2019-06-11T12:36:56","guid":{"rendered":"http:\/\/sistemiquemme.flywheelsites.com\/?page_id=5234"},"modified":"2021-06-30T08:47:56","modified_gmt":"2021-06-30T08:47:56","slug":"il-nostro-impegno","status":"publish","type":"page","link":"https:\/\/www.sistemiquemme.it\/it\/il-nostro-impegno\/","title":{"rendered":"Il nostro impegno"},"content":{"rendered":"<p>[vc_row css_animation=&#8221;none&#8221; column_spacing=&#8221;60&#8243;][vc_column]<div class=\"logistix-img-advanced clearfix text-center\" style=\"\"><div class=\"thumb\" style=\"\"><img loading=\"lazy\" decoding=\"async\" width=\"1280\" height=\"410\" src=\"https:\/\/www.sistemiquemme.it\/wp-content\/uploads\/2019\/10\/Il-nostro-impegno-2.jpg\" class=\"attachment-full size-full\" alt=\"\" srcset=\"https:\/\/www.sistemiquemme.it\/wp-content\/uploads\/2019\/10\/Il-nostro-impegno-2.jpg 1280w, https:\/\/www.sistemiquemme.it\/wp-content\/uploads\/2019\/10\/Il-nostro-impegno-2-100x32.jpg 100w, https:\/\/www.sistemiquemme.it\/wp-content\/uploads\/2019\/10\/Il-nostro-impegno-2-200x64.jpg 200w, https:\/\/www.sistemiquemme.it\/wp-content\/uploads\/2019\/10\/Il-nostro-impegno-2-300x96.jpg 300w, https:\/\/www.sistemiquemme.it\/wp-content\/uploads\/2019\/10\/Il-nostro-impegno-2-768x246.jpg 768w, https:\/\/www.sistemiquemme.it\/wp-content\/uploads\/2019\/10\/Il-nostro-impegno-2-1024x328.jpg 1024w, https:\/\/www.sistemiquemme.it\/wp-content\/uploads\/2019\/10\/Il-nostro-impegno-2-870x279.jpg 870w, https:\/\/www.sistemiquemme.it\/wp-content\/uploads\/2019\/10\/Il-nostro-impegno-2-600x192.jpg 600w, https:\/\/www.sistemiquemme.it\/wp-content\/uploads\/2019\/10\/Il-nostro-impegno-2-480x154.jpg 480w\" sizes=\"auto, (max-width: 1280px) 100vw, 1280px\" \/> <a class=\"icon-wrap popup-video\" href=\"https:\/\/www.youtube.com\/watch?v=uDn8WHeJE5Y\"><\/a><\/div> <\/div>\r\n\t<div class=\"logistix-spacer clearfix\" data-desktop=\"100\" data-mobi=\"50\" data-smobi=\"50\"><\/div>[vc_row_inner column_inner_spacing=&#8221;60&#8243;][vc_column_inner width=&#8221;1\/2&#8243;]\r\n\t<div class=\"logistix-spacer clearfix\" data-desktop=\"80\" data-mobi=\"0\" data-smobi=\"0\"><\/div><div class=\"logistix-single-heading clearfix  style-1\" style=\"margin-bottom:11px;\">\r\n\t\t<h2 class=\"heading\" style=\"margin-bottom: 0;font-weight:500;font-size:42px;line-height:52px;\">Mission<\/h2>\r\n\t<\/div>\r\n\t<div class=\"logistix-spacer clearfix\" data-desktop=\"20\" data-mobi=\"10\" data-smobi=\"10\"><\/div>[vc_column_text]Sistemi Quemme vuole rappresentare un riferimento di filosofia e metodo costruttivo per la progettazione e realizzazione di soluzioni innovative e servizi avanzati in partnership con i Clienti nella distribuzione di energia elettrica e di automazione industriale anticipando i bisogni del mercato.[\/vc_column_text]\r\n\t<div class=\"logistix-spacer clearfix\" data-desktop=\"0\" data-mobi=\"40\" data-smobi=\"40\"><\/div>[\/vc_column_inner][vc_column_inner width=&#8221;1\/2&#8243;][vc_single_image image=&#8221;5817&#8243;]\r\n\t<div class=\"logistix-spacer clearfix\" data-desktop=\"0\" data-mobi=\"0\" data-smobi=\"0\"><\/div>[\/vc_column_inner][\/vc_row_inner]\r\n\t<div class=\"logistix-spacer clearfix\" data-desktop=\"100\" data-mobi=\"50\" data-smobi=\"50\"><\/div>[\/vc_column][\/vc_row][vc_row css=&#8221;.vc_custom_1527499750599{background-color: #f1f1f1 !important;}&#8221;][vc_column]\r\n\t<div class=\"logistix-spacer clearfix\" data-desktop=\"100\" data-mobi=\"50\" data-smobi=\"50\"><\/div>[vc_row_inner column_inner_spacing=&#8221;60&#8243;][vc_column_inner width=&#8221;1\/2&#8243;][vc_single_image image=&#8221;5813&#8243;][\/vc_column_inner][vc_column_inner width=&#8221;1\/2&#8243;]\r\n\t<div class=\"logistix-spacer clearfix\" data-desktop=\"80\" data-mobi=\"0\" data-smobi=\"0\"><\/div><div class=\"logistix-single-heading clearfix  style-1\" style=\"margin-bottom:11px;\">\r\n\t\t<h2 class=\"heading\" style=\"margin-bottom: 0;font-weight:500;font-size:42px;line-height:52px;\">Vision<\/h2>\r\n\t<\/div>\r\n\t<div class=\"logistix-spacer clearfix\" data-desktop=\"20\" data-mobi=\"10\" data-smobi=\"10\"><\/div>[vc_column_text]Gruppo di imprese coordinate da Sistemi Quemme che agisce come fulcro per conoscenza e competenze al fine di promuovere la MISSIONE nella globalizzazione.[\/vc_column_text]\r\n\t<div class=\"logistix-spacer clearfix\" data-desktop=\"0\" data-mobi=\"40\" data-smobi=\"40\"><\/div>[\/vc_column_inner][\/vc_row_inner]\r\n\t<div class=\"logistix-spacer clearfix\" data-desktop=\"100\" data-mobi=\"50\" data-smobi=\"50\"><\/div>[\/vc_column][\/vc_row][vc_row css_animation=&#8221;none&#8221; column_spacing=&#8221;60&#8243;][vc_column]\r\n\t<div class=\"logistix-spacer clearfix\" data-desktop=\"100\" data-mobi=\"50\" data-smobi=\"50\"><\/div>[vc_row_inner column_inner_spacing=&#8221;60&#8243;][vc_column_inner width=&#8221;1\/2&#8243;]<div class=\"logistix-single-heading clearfix  style-1\" style=\"margin-bottom:11px;\">\r\n\t\t<h2 class=\"heading\" style=\"margin-bottom: 0;font-weight:500;font-size:42px;line-height:52px;\">Valor<\/h2>\r\n\t<\/div>\r\n\t<div class=\"logistix-spacer clearfix\" data-desktop=\"20\" data-mobi=\"10\" data-smobi=\"10\"><\/div>[vc_column_text]<\/p>\n<ul>\n<li>Soddisfare le attese inespresse dei Clienti<\/li>\n<li>Organizzare i processi di fornitura per tipologie di opportunit\u00e0 offerte dal mercato<\/li>\n<li>Condurre una politica della qualit\u00e0 totale intesa come formazione protesa alla coesione del Gruppo per la subordinazione del vincolo, stimolo al miglioramento continuo nella ricerca sistematica tesa all\u2019innovazione.<\/li>\n<li>Generare, attraverso l\u2019incremento del Throughput al vincolo ed obiettivi condivisi e lungimiranti, un ottimale utile operativo.<\/li>\n<li>Promuovere metodologie di sviluppo che permettano la partecipazione pi\u00f9 ampia alla definizione di traguardi intermedi cos\u00ec da favorire la piena realizzazione delle potenzialit\u00e0 dei Collaboratori.<\/li>\n<li>Ridurre la variabilit\u00e0 nel sistema, aumentare la nostra passione e il portfolio di competenze disponibili per i Clienti.<\/li>\n<\/ul>\n<p>[\/vc_column_text][\/vc_column_inner][vc_column_inner width=&#8221;1\/2&#8243;]\r\n\t<div class=\"logistix-spacer clearfix\" data-desktop=\"80\" data-mobi=\"0\" data-smobi=\"0\"><\/div>[vc_single_image image=&#8221;5815&#8243;][\/vc_column_inner][\/vc_row_inner]\r\n\t<div class=\"logistix-spacer clearfix\" data-desktop=\"100\" data-mobi=\"50\" data-smobi=\"50\"><\/div>[\/vc_column][\/vc_row][vc_row css=&#8221;.vc_custom_1527499750599{background-color: #f1f1f1 !important;}&#8221;][vc_column]\r\n\t<div class=\"logistix-spacer clearfix\" data-desktop=\"100\" data-mobi=\"50\" data-smobi=\"50\"><\/div>[vc_row_inner column_inner_spacing=&#8221;60&#8243;][vc_column_inner width=&#8221;1\/5&#8243;][vc_single_image image=&#8221;5677&#8243;][\/vc_column_inner][vc_column_inner width=&#8221;3\/5&#8243;]<div class=\"logistix-single-heading clearfix text-center style-1\" style=\"margin-bottom:11px;\">\r\n\t\t<h2 class=\"heading\" style=\"margin-bottom: 0;font-weight:500;font-size:42px;line-height:52px;\">Sistemi Quemme per il sociale<\/h2>\r\n\t<\/div>\r\n\t<div class=\"logistix-spacer clearfix\" data-desktop=\"20\" data-mobi=\"10\" data-smobi=\"10\"><\/div>[vc_column_text]<\/p>\n<h4 style=\"text-align: center;\"><strong>\u201c il futuro inizia oggi non domani\u201d<\/strong><\/h4>\n<p style=\"text-align: center;\">Per questo Sistemi Quemme sostiene la ricerca e la salvaguardia del territorio<\/p>\n<p>[\/vc_column_text]\r\n\t<div class=\"logistix-spacer clearfix\" data-desktop=\"0\" data-mobi=\"40\" data-smobi=\"40\"><\/div>[\/vc_column_inner][vc_column_inner width=&#8221;1\/5&#8243;][vc_single_image image=&#8221;5777&#8243;][\/vc_column_inner][\/vc_row_inner]\r\n\t<div class=\"logistix-spacer clearfix\" data-desktop=\"100\" data-mobi=\"50\" data-smobi=\"50\"><\/div>[\/vc_column][\/vc_row]<\/p>\n","protected":false},"excerpt":{"rendered":"<p>[vc_row css_animation=&#8221;none&#8221; column_spacing=&#8221;60&#8243;][vc_column][vc_row_inner column_inner_spacing=&#8221;60&#8243;][vc_column_inner width=&#8221;1\/2&#8243;][vc_column_text]Sistemi Quemme vuole rappresentare un riferimento di filosofia e metodo costruttivo per la progettazione e realizzazione di soluzioni innovative e servizi avanzati in partnership con i Clienti nella distribuzione di energia elettrica e di automazione industriale anticipando i bisogni del mercato.[\/vc_column_text][\/vc_column_inner][vc_column_inner width=&#8221;1\/2&#8243;][vc_single_image image=&#8221;5817&#8243;][\/vc_column_inner][\/vc_row_inner][\/vc_column][\/vc_row][vc_row css=&#8221;.vc_custom_1527499750599{background-color: #f1f1f1&hellip;<\/p>\n","protected":false},"author":4,"featured_media":0,"parent":0,"menu_order":0,"comment_status":"closed","ping_status":"closed","template":"","meta":{"_acf_changed":false,"footnotes":""},"class_list":["post-5234","page","type-page","status-publish","hentry"],"acf":[],"_links":{"self":[{"href":"https:\/\/www.sistemiquemme.it\/it\/wp-json\/wp\/v2\/pages\/5234","targetHints":{"allow":["GET"]}}],"collection":[{"href":"https:\/\/www.sistemiquemme.it\/it\/wp-json\/wp\/v2\/pages"}],"about":[{"href":"https:\/\/www.sistemiquemme.it\/it\/wp-json\/wp\/v2\/types\/page"}],"author":[{"embeddable":true,"href":"https:\/\/www.sistemiquemme.it\/it\/wp-json\/wp\/v2\/users\/4"}],"replies":[{"embeddable":true,"href":"https:\/\/www.sistemiquemme.it\/it\/wp-json\/wp\/v2\/comments?post=5234"}],"version-history":[{"count":10,"href":"https:\/\/www.sistemiquemme.it\/it\/wp-json\/wp\/v2\/pages\/5234\/revisions"}],"predecessor-version":[{"id":6077,"href":"https:\/\/www.sistemiquemme.it\/it\/wp-json\/wp\/v2\/pages\/5234\/revisions\/6077"}],"wp:attachment":[{"href":"https:\/\/www.sistemiquemme.it\/it\/wp-json\/wp\/v2\/media?parent=5234"}],"curies":[{"name":"wp","href":"https:\/\/api.w.org\/{rel}","templated":true}]}}