{"id":3,"date":"2019-02-20T09:38:35","date_gmt":"2019-02-20T09:38:35","guid":{"rendered":"http:\/\/sistemiquemme.flywheelsites.com\/?page_id=3"},"modified":"2025-12-19T10:00:41","modified_gmt":"2025-12-19T10:00:41","slug":"privacy-policy","status":"publish","type":"page","link":"https:\/\/www.sistemiquemme.it\/it\/privacy-policy\/","title":{"rendered":"Privacy Policy + Info Ex Art 1"},"content":{"rendered":"<p>[vc_row][vc_column][vc_column_text]<\/p>\r\n<p align=\"left\"><strong>Informativa sulla tutela della privacy degli utenti di questo sito (<a href=\"http:\/\/www.sistemiquemme.com\/\">http:\/\/www.sistemiquemme.com<\/a>).<\/strong><\/p>\r\n<p align=\"justify\">In questa pagina si descrive la modalit\u00e0 di gestione, nel proprio sito internet, dei dati personali dei clienti e degli utenti che vi accedono.<br \/>L&#8217;informativa \u00e8 generale, scritta nel rispetto del Decreto Legislativo n.196 del 30 giugno 2003 (&#8220;Codice in materia di protezione dei dati personali&#8221;), di seguito definita la &#8220;Legge&#8221;, (ex Legge n. 675\/1996)<span>\u00a0\u00a0e nel rispetto del nuovo regolamento europeo: GDPR General Data Protection Regulation n. 679\/2016,<\/span>per coloro che consultano questo sito web, all&#8217;indirizzo:<span>\u00a0<\/span><a href=\"http:\/\/www.sistemiquemme.com\/\">http:\/\/www.sistemiquemme.com<\/a><\/p>\r\n<p align=\"justify\">Il trattamento dei dati personali seguir\u00e0 i principi di correttezza, di trasparenza e di tutela della riservatezza personale, seguendo esplicitamente la normativa sopraindicata.<\/p>\r\n<p align=\"justify\">I dati personali possono essere acquisiti anche tramite la semplice comunicazione sotto forma di posta elettronica inviata agli indirizzi di SISTEMI QUEMME s.r.l segnalati nel sito. I dati personali come nome, cognome, indirizzo, telefono, cellulare, se presenti nella firma del messaggio, sono da considerarsi forniti con il consenso al trattamento dei dati ed entreranno negli archivi informatici di SISTEMI QUEMME s.r.l.<\/p>\r\n<div id=\"accordion\">\r\n<h3 title=\"Clicca qui per leggere il contenuto\" class=\"toggler atStart wp-block-heading\">Il Titolare del trattamento<\/h3>\r\n<div class=\"element atStart\">\r\n<p align=\"justify\">Attraverso la consultazione del sito possono essere trattati dati relativi a persone identificate o identificabili. Il Titolare del trattamento di tali dati \u00e8 SISTEMI QUEMME s.r.l, con sede in Via dell&#8217;Artigianato 8 &#8211; 22078 Turate (CO).<\/p>\r\n<\/div>\r\n<h3 title=\"Clicca qui per leggere il contenuto\" class=\"toggler atStart\">Luogo e Modalit\u00e0 di trattamento dei dati<\/h3>\r\n<div class=\"element atStart\">\r\n<p align=\"justify\">I trattamenti connessi alla consultazione del sito hanno luogo presso la sedi di SISTEMI QUEMME s.r.l comunicate al Garante per la protezione dei dati personali con la notificazione e trattati da soggetti terzi incaricati da SISTEMI QUEMME s.r.l, che svolgono per proprio conto compiti di natura tecnica o organizzativa. I dati personali sono trattati con strumenti elettronici o comunque automatizzati.<\/p>\r\n<\/div>\r\n<h3 title=\"Clicca qui per leggere il contenuto\" class=\"toggler atStart\">Tipologia di dati trattati<\/h3>\r\n<div class=\"element atStart\">\r\n<p align=\"justify\"><strong>Dati di navigazione<\/strong><br \/>I sistemi informatici e i software che garantiscono il funzionamento di questo sito web acquisiscono dei dati personali in modo implicito nella navigazione dei siti Internet.<br \/>Si tratta di informazioni che non sono raccolte per essere associate a interessati identificati, ma che per loro stessa natura potrebbero, attraverso elaborazioni ed associazioni con dati detenuti da terzi, effettuate solo previa esplicita richiesta dell&#8217;Autorit\u00e0 Giudiziaria, permettere di identificare gli utenti.<br \/>In questa categoria di dati rientrano gli indirizzi IP o i nomi a dominio dei computer utilizzati dagli utenti che si connettono al sito, gli indirizzi in notazione URI (Uniform Resource Identifier) delle risorse richieste, l&#8217;orario della richiesta, i parametri relativi al sistema operativo e alla piattaforma informatica dell&#8217;utente.<br \/>Questi dati vengono utilizzati da SISTEMI QUEMME s.r.l al solo fine di ricavare informazioni statistiche anonime sull&#8217;uso del sito e per controllarne il corretto funzionamento.<\/p>\r\n<p align=\"justify\"><strong>Dati forniti volontariamente dall&#8217;utente<\/strong><br \/>L&#8217;invio facoltativo, esplicito e volontario di posta elettronica agli indirizzi indicati sul nostro sito comporta la successiva acquisizione dei dati personali forniti quali a titolo esemplificativo l&#8217;indirizzo e-mail del mittente utilizzato da SISTEMI QUEMME s.r.l per rispondere alle richieste del cliente\/utente.<\/p>\r\n<\/div>\r\n<h3 title=\"Clicca qui per leggere il contenuto\" class=\"toggler atStart\">Cookies<\/h3>\r\n<div class=\"element atStart\">\r\n<p align=\"justify\">Nessun dato personale degli utenti viene in proposito acquisito dal sito. Non viene fatto uso di cookies per la trasmissione di informazioni di carattere personale. L&#8217;uso di &#8220;cookies di sessione&#8221; (che non vengono memorizzati in modo persistente sul computer dell&#8217;utente e svaniscono con la chiusura del browser) \u00e8 strettamente limitato alla trasmissione di identificativi di sessione necessari per consentire l&#8217;esplorazione sicura ed efficiente del sito.<br \/>I &#8220;cookies di sessione&#8221; utilizzati in questo sito evitano il ricorso ad altre tecniche informatiche potenzialmente pregiudizievoli per la riservatezza della navigazione degli utenti e non consentono l&#8217;acquisizione di dati personali identificativi dell&#8217;utente.<\/p>\r\n<\/div>\r\n<h3 title=\"Clicca qui per leggere il contenuto\" class=\"toggler atStart\">Facolt\u00e0 del conferimento dei dati<\/h3>\r\n<div class=\"element atStart\">\r\n<p align=\"justify\">A parte quanto specificato per i dati di navigazione, l&#8217;utente \u00e8 libero di fornire i dati personali di volta in volta richiesti da SISTEMI QUEMME s.r.l ma il loro mancato conferimento pu\u00f2 comportare l&#8217;impossibilit\u00e0 di fornire i servizi richiesti.<\/p>\r\n<\/div>\r\n<h3 title=\"Clicca qui per leggere il contenuto\" class=\"toggler atStart\">Sicurezza delle informazioni<\/h3>\r\n<div class=\"element atStart\">\r\n<p align=\"justify\">Specifiche misure di sicurezza sono osservate per prevenire la perdita dei dati, usi illeciti o non corretti ed accessi non autorizzati. Ti informiamo comunque che le comunicazioni via internet quali e-mail\/webmail, potrebbero passare attraverso diverse nazioni, prima di essere recapitate ai destinatari. SISTEMI QUEMME s.r.l non pu\u00f2 farsi carico della responsabilit\u00e0 di qualsiasi accesso non autorizzato n\u00e8 dello smarrimento delle informazioni personali al di fuori del proprio controllo.<\/p>\r\n<\/div>\r\n<h3 title=\"Clicca qui per leggere il contenuto\" class=\"toggler atStart\">Diritti degli interessati<\/h3>\r\n<div class=\"element atStart\">\r\n<p align=\"justify\">I soggetti cui si riferiscono i dati personali hanno il diritto in qualunque momento di ottenere la conferma dell&#8217;esistenza o meno dei medesimi dati e di conoscerne il contenuto e l&#8217;origine, verificarne l&#8217;esattezza o chiederne l&#8217;integrazione o l&#8217;aggiornamento, oppure la rettificazione, ai sensi dell&#8217; art. 7 del D. Lgs. N. 196\/2003.<br \/>Ai sensi del medesimo articolo si ha il diritto di chiedere la cancellazione, la trasformazione in forma anonima o il blocco dei dati trattati in violazione di legge, nonch\u00e9 di opporsi in ogni caso, per motivi legittimi, al loro trattamento, scrivendo a SISTEMI QUEMME s.r.l.<\/p>\r\n<\/div>\r\n<h3 title=\"Clicca qui per leggere il contenuto\" class=\"toggler atStart\">Responsabilit\u00e0 del trattamento<\/h3>\r\n<div class=\"element atStart\">\r\n<p align=\"justify\">Il Responsabile del trattamento dei dati personali in SISTEMI QUEMME s.r.l \u00e8 il Titolare, che svolge il suo lavoro presso la sede di SISTEMI QUEMME s.r.l sita in Via dell&#8217;Artigianato 8 &#8211; 22078 Turate (CO).<br \/>L&#8217;elenco dettagliato dei Responsabili esterni del trattamento e dei terzi ai quali possono essere comunicati idati personali dei clienti \u00e8 disponibile presso gli uffici di SISTEMI QUEMME s.r.l o previa richiesta scritta all&#8217;ufficio di Via dell&#8217;Artigianato 8 &#8211; 22078 Turate (CO).<\/p>\r\n<p align=\"justify\">SISTEMI QUEMME s.r.l si riserva il diritto di modificare o emendare, in qualsiasi momento, la presente policy privacy soprattutto in virt\u00f9 dell&#8217;entrata in vigore di nuove normative di settore. In tal caso le modifiche entreranno in vigore decorsi 15 giorni dalla data di pubblicazione sul sito.<\/p>\r\n<\/div>\r\n<\/div>\r\n\r\n<h3><\/h3>\r\n<h3>Informazioni Ex Art. 1, Comma 125, della legge 4 Agosto 2017 N. 124<\/h3>\r\n<p>In relazione al disposto di cui all&#8217;art. 1, comma 125-bis, della legge 124\/2017, la Societ\u00e0 pubblica quanto percepito nei singoli anni.<\/p>\r\n<p><em>ANNO 2019<\/em><\/p>\r\n<p>&#8211; 31\/01\/2019: \u20ac 576,00 da Fondimpresa codice fiscale 97278470584, per progetto E.F.E.S.T.O. formazione dipendenti\u00a0<br \/>&#8211; 26\/03\/2019: \u20ac 5.000,00 dalla CCIAA di Como codice fiscale 03788830135, per il bando Voucher digitali I4.0 Misura B, anno 2017<br \/>&#8211; 23\/09\/2019: \u20ac 10.000,00 da CCIAA di Como-Lecco codice fiscale 03788830135, per il bando Voucher Digitali I4.0 Misura B, anno 2018<br \/>&#8211; 20\/12\/2019: \u20ac 1.200,00 dalla CCIAA di Como-Lecco codice fiscale 03788830135, per bando alternanza scuola-lavoro per MPMI-2019-COMO<\/p>\r\n<p><em>ANNO 2020<\/em><\/p>\r\n<p>&#8211; 31\/07\/2020: \u20ac 10.632,00 da Agenzia delle Entrate codice fiscale 06363391001, contributo fondo perduto emergenza Covid<br \/>&#8211; 30\/10\/2020: \u20ac 1.800,00 da Inps codice fiscale 80078750587, per incentivi occupazione NEET in favore al Programma Garanzia Giovani<br \/>&#8211; \u20ac 1.078,00, credito di imposta dall\u2019Agenzia delle Entrate codice fiscale 06363391001, per la sanificazione e acquisto DPI per emergenza Covid<\/p>\r\n<p><em>ANNO 2021<\/em><\/p>\r\n<p>&#8211; 15\/04\/2021: \u20ac 4.000,00 dalla CCIAA di Como-Lecco codice fiscale 03788830135, relativo al bando Formazione Lavoro LINEA A anno 2020<br \/>&#8211; 08\/06\/2021: \u20ac 380,00 da Fondimpresa codice fiscale 97278470584, per piano formativo codice 287563<br \/>&#8211; 08\/06\/2021: \u20ac 700,00 da Fondimpresa codice fiscale 97278470584, per piano formativo codice 290652<br \/>&#8211; 28\/09\/2021: \u20ac 15.000,00 dalla Regione Lombardia codice fiscale 80050050154, per l&#8217;adozione del piano aziendale di smart working, con la misura POR FSE 2014-2020<\/p>\r\n<p><span>ANNO 2022 <\/span><\/p>\r\n<p><span>&#8211; 28\/03\/2023: \u20ac 2.160,00 da Fondimpresa codice fiscale 97278470584, per bando formazione sulla sicurezza, COR 8615170 <br \/><\/span><span>&#8211; 01\/04\/2022: \u20ac 12.988,32 dalla CCIAA di Como-Lecco codice fiscale 03788830135, relativo al bando voucher digitali I4.0 Lombardia 2021, misura rientrante nel regime quadro <br \/>\u00a0 \u00a0 \u00a0 \u00a0 \u00a0 \u00a0 \u00a0 \u00a0 \u00a0 \u00a0 \u00a0 \u00a0 \u00a0 nazionale <\/span><span>sugli aiuti di Stato per l\u2019emergenza Covid 19 per \u20ac 7.220,00; con lo stesso bando ha beneficiato anche di un contributo per l\u2019acquisto di beni strumentali, <br \/>\u00a0 \u00a0 \u00a0 \u00a0 \u00a0 \u00a0 \u00a0 \u00a0 \u00a0 \u00a0 \u00a0 \u00a0 \u00a0 contabilizzato direttamente a riduzione dell\u2019investimento, per \u20ac 6.309,50 <br \/><\/span><span>&#8211; 22\/06\/2022: \u20ac 490,00 da Agenzia Nazionale per le Politiche Attive del Lavoro (ANPAL) codice fiscale 01530510542, relativo al bando Garanzia Giovani Fase II Indennit\u00e0 Tirocini <br \/><\/span><span>&#8211; 26\/07\/2022: \u20ac 580,25 credito di imposta per imprese non energivore, utilizzato in compensazione nel 2022 <br \/><\/span><span>&#8211; 04\/10\/2022: \u20ac 2.500,00 da Regione Lombardia codice fiscale 80050050154, relativo al banco Formare per assumere, CUP E89J21005290009 <br \/><\/span><span>&#8211; 08\/11\/2022: \u20ac 1.114,53 credito di imposta per imprese non energivore, utilizzato in compensazione nel 2022<br \/><\/span><span>&#8211; 31\/12\/2022: \u20ac 1.434,79 credito di imposta per imprese non energivore<br \/><\/span><span>&#8211; \u20ac 7.920,00 rimborso formazione dipendenti erogati da Fondimpresa<br \/><br \/>ANNO 2023 <br \/><br \/>&#8211; 27\/02\/2023: \u20ac 2.500,00 da Regione Lombardia codice fiscale 80050050154, relativo al bando Formare per assumere, CUP E89J21005290009 <br \/>&#8211; 29\/03\/2023: \u20ac 3.750,03 da Regione Lombardia codice fiscale 80050050154, relativo al bando Formare per assumere, CUP E89J21005290009 <br \/>&#8211; 30\/03\/2023: \u20ac 2.640,00 da Fondimpresa codice fiscale 97278470584, per piano \u201cLa sicurezza in Sistemi Quemme ID 304602\u201d <br \/>&#8211; 17\/04\/2023: \u20ac 5.000,00 da Regione Lombardia codice fiscale 80050050154, relativo al banco Formare per assumere, CUP E89J21005290009 <br \/>&#8211; 05\/09\/2023: \u20ac 5.000,00 da Regione Lombardia codice fiscale 80050050154, relativo al banco Formare per assumere, CUP E89J21005290009 <br \/>&#8211; \u20ac 1.126,40 credito di imposta per imprese non energivore <br \/>&#8211; \u20ac 720,00 da Fondimpresa codice fiscale 97278470584, relativo al bando per aiuti alla formazione COR 16170611 <br \/>&#8211; \u20ac 1.800,00 da CCIAA di Como-Lecco codice fiscale 03788830135, relativo al bando per strumenti per la misurazione della sostenibilit\u00e0 in azienda COR 10476223<br \/><\/span><\/p>\r\n<p>ANNO 2024<\/p>\r\n<p>&#8211; \u20ac 14.729,90 da INPS codice fiscale 80078750587, incentivo alle assunzioni a tempo indeterminato di \u201cNEET\u201d<br \/>&#8211; \u20ac 13.000,00 dalla Provincia di Como codice fiscale 80004650133, relativo al bando Dote impresa collocamento mirato, COR 23168216<br \/>&#8211; \u20ac 10.000,00 da Unioncamere Lombardia codice fiscale 03254220159, relativo al bando Formare per assumere del Programma regionale Fondo sociale europeo<\/p>\r\n<p>[\/vc_column_text][\/vc_column][\/vc_row]<\/p>","protected":false},"excerpt":{"rendered":"<p>[vc_row][vc_column][vc_column_text] Informativa sulla tutela della privacy degli utenti di questo sito (http:\/\/www.sistemiquemme.com). In questa pagina si descrive la modalit\u00e0 di gestione, nel proprio sito internet, dei dati personali dei clienti e degli utenti che vi accedono.L&#8217;informativa \u00e8 generale, scritta nel rispetto del Decreto Legislativo n.196 del 30 giugno 2003&hellip;<\/p>\n","protected":false},"author":4,"featured_media":0,"parent":0,"menu_order":0,"comment_status":"closed","ping_status":"closed","template":"","meta":{"_acf_changed":false,"footnotes":""},"class_list":["post-3","page","type-page","status-publish","hentry"],"acf":[],"_links":{"self":[{"href":"https:\/\/www.sistemiquemme.it\/it\/wp-json\/wp\/v2\/pages\/3","targetHints":{"allow":["GET"]}}],"collection":[{"href":"https:\/\/www.sistemiquemme.it\/it\/wp-json\/wp\/v2\/pages"}],"about":[{"href":"https:\/\/www.sistemiquemme.it\/it\/wp-json\/wp\/v2\/types\/page"}],"author":[{"embeddable":true,"href":"https:\/\/www.sistemiquemme.it\/it\/wp-json\/wp\/v2\/users\/4"}],"replies":[{"embeddable":true,"href":"https:\/\/www.sistemiquemme.it\/it\/wp-json\/wp\/v2\/comments?post=3"}],"version-history":[{"count":10,"href":"https:\/\/www.sistemiquemme.it\/it\/wp-json\/wp\/v2\/pages\/3\/revisions"}],"predecessor-version":[{"id":32552,"href":"https:\/\/www.sistemiquemme.it\/it\/wp-json\/wp\/v2\/pages\/3\/revisions\/32552"}],"wp:attachment":[{"href":"https:\/\/www.sistemiquemme.it\/it\/wp-json\/wp\/v2\/media?parent=3"}],"curies":[{"name":"wp","href":"https:\/\/api.w.org\/{rel}","templated":true}]}}