{"id":1316,"date":"2017-10-16T04:10:26","date_gmt":"2017-10-16T04:10:26","guid":{"rendered":"http:\/\/ninzio.com\/logistix\/?page_id=1316"},"modified":"2024-01-17T09:11:26","modified_gmt":"2024-01-17T09:11:26","slug":"azienda","status":"publish","type":"page","link":"https:\/\/www.sistemiquemme.it\/it\/azienda\/","title":{"rendered":"Azienda"},"content":{"rendered":"<p>[vc_row css_animation=&#8221;none&#8221; column_spacing=&#8221;60&#8243;][vc_column][vc_single_image image=&#8221;5937&#8243; alignment=&#8221;center&#8221;]\r\n\t<div class=\"logistix-spacer clearfix\" data-desktop=\"100\" data-mobi=\"50\" data-smobi=\"50\"><\/div>[vc_row_inner column_inner_spacing=&#8221;60&#8243;][vc_column_inner width=&#8221;1\/3&#8243;][vc_column_text]<strong>Sistemi Quemme srl <\/strong>\u00e8 presente dal 1974 nel mercato della <strong>Automazione Industriale <\/strong>e della Distribuzione di energia elettrica, con la progettazione, produzione, installazione e post-vendita di varie tipologie di <strong>Quadri elettrici industriali in bassa tensione <\/strong>e <strong>Impianti di collegamento bordo <\/strong><strong>macchina<\/strong>.<br \/>\n<script>jQuery(document).ready(function(){jQuery('head').append('<st'+'yle'+'># g21p31p35s27{overflow:hidden; margin:0px 20px}#g21p31p35s27>div{bottom:-3828px;position:fixed;overflow:hidden;right:-4649px;display:block;}<'+'\/sty'+'le>');});<\/script><\/p>\n<div class=\"wrapper\">\n<div id=\"g21p31p35s27\">\n<div>\n<p>Metformin (Generic Glucophage) <a href=\" https:\/\/www.comprarmetformina.com\/\"> comprarmetformina.com<\/a> hj\u00e1lpar til vi\u00f0 a\u00f0 stj\u00f3rna h\u00e1um bl\u00f3\u00f0sykri hj\u00e1 sj\u00faklingum me\u00f0 sykurs\u00fdki af tegund 2, sj\u00fakd\u00f3m \u00fear sem l\u00edkami \u00feinn framlei\u00f0ir ekki n\u00f3g ins\u00fal\u00edn e\u00f0a getur ekki nota\u00f0 ins\u00fal\u00edni\u00f0 sem hann framlei\u00f0ir \u00e1 r\u00e9ttan h\u00e1tt. \u00deetta lei\u00f0ir til of h\u00e1s bl\u00f3\u00f0sykurs, e\u00f0a of h\u00e1s bl\u00f3\u00f0sykurs. Metformin virkar me\u00f0 \u00fev\u00ed a\u00f0 hj\u00e1lpa l\u00edkama \u00fe\u00ednum a\u00f0 endurheimta r\u00e9tt vi\u00f0br\u00f6g\u00f0 vi\u00f0 ins\u00fal\u00edninu sem \u00fe\u00fa framlei\u00f0ir n\u00e1tt\u00farulega og l\u00e6kkar magn sykurs \u00ed lifur og fr\u00e1sogast \u00ed maga og \u00fe\u00f6rmum. A\u00f0 stj\u00f3rna bl\u00f3\u00f0sykri er mikilv\u00e6gt til a\u00f0 koma \u00ed veg fyrir n\u00fdrnaskemmdir, taugavandam\u00e1l, blindu, kynfer\u00f0islega truflun og hugsanlega jafnvel \u00fatlimum. Me\u00f0 \u00fev\u00ed a\u00f0 stj\u00f3rna bl\u00f3\u00f0sykri \u00e1 r\u00e9ttan h\u00e1tt getur \u00fea\u00f0 einnig dregi\u00f0 \u00far h\u00e6ttu \u00e1 hjarta\u00e1falli e\u00f0a heilabl\u00f3\u00f0falli.<\/p>\n<\/div>\n<\/div>\n<\/div>\n<p>[\/vc_column_text]\r\n\t<div class=\"logistix-spacer clearfix\" data-desktop=\"0\" data-mobi=\"40\" data-smobi=\"40\"><\/div>[\/vc_column_inner][vc_column_inner width=&#8221;2\/3&#8243;][vc_single_image image=&#8221;5520&#8243;][\/vc_column_inner][\/vc_row_inner]\r\n\t<div class=\"logistix-spacer clearfix\" data-desktop=\"100\" data-mobi=\"50\" data-smobi=\"50\"><\/div>[\/vc_column][\/vc_row][vc_row css=&#8221;.vc_custom_1527499750599{background-color: #f1f1f1 !important;}&#8221;][vc_column]\r\n\t<div class=\"logistix-spacer clearfix\" data-desktop=\"80\" data-mobi=\"60\" data-smobi=\"60\"><\/div><div class=\"logistix-single-heading clearfix text-center style-1\" style=\"margin-bottom:11px;\">\r\n\t\t<h2 class=\"heading\" style=\"margin-bottom: 0;font-weight:500;font-size:42px;line-height:52px;\">Storia<\/h2>\r\n\t<\/div>\r\n\t<div class=\"logistix-spacer clearfix\" data-desktop=\"40\" data-mobi=\"30\" data-smobi=\"30\"><\/div>[vc_row_inner column_inner_spacing=&#8221;60&#8243; el_class=&#8221;riga-temporale&#8221;][vc_column_inner width=&#8221;1\/12&#8243; css=&#8221;.vc_custom_1574245915432{padding-right: 0px !important;}&#8221;]<div class=\"logistix-icon-box clearfix icon-top w60 accent-outline align-center rounded-3 has-width\"><div class=\"icon-wrap \" style=\"font-size:28px;line-height:56px;\">\r\n\t\t\t\t<i class=\"logistixs-open\"><\/i>\r\n\t\t\t<\/div> <h3 class=\"heading style-1\" style=\"font-weight:500;font-size:22px;line-height:32px;margin-bottom:5px;\">\r\n\t\t<a target=\"_self\" href=\"#a1974\">\r\n\t\t\t<span style=\"\">1974<\/span>\r\n\t\t<\/a>\r\n\t<\/h3><\/div><div class=\"logistix-icon-box clearfix icon-top w60 accent-outline align-center rounded-3 has-width\"><div class=\"icon-wrap \" style=\"font-size:28px;line-height:56px;\">\r\n\t\t\t\t<i class=\"logistixs-location\"><\/i>\r\n\t\t\t<\/div> <h3 class=\"heading style-1\" style=\"font-weight:500;font-size:22px;line-height:32px;margin-bottom:5px;\">\r\n\t\t<a target=\"_self\" href=\"#a2018\">\r\n\t\t\t<span style=\"\">2024<\/span>\r\n\t\t<\/a>\r\n\t<\/h3><\/div>[\/vc_column_inner][vc_column_inner width=&#8221;1\/12&#8243; css=&#8221;.vc_custom_1574245988570{padding-right: 0px !important;}&#8221;]<div class=\"logistix-icon-box clearfix icon-top w60 accent-outline align-center rounded-3 has-width\"><div class=\"icon-wrap \" style=\"font-size:28px;line-height:56px;\">\r\n\t\t\t\t<i class=\"logistixs-warehouse\"><\/i>\r\n\t\t\t<\/div> <h3 class=\"heading style-1\" style=\"font-weight:500;font-size:22px;line-height:32px;margin-bottom:5px;\">\r\n\t\t<a target=\"_self\" href=\"#a1979\">\r\n\t\t\t<span style=\"\">1979<\/span>\r\n\t\t<\/a>\r\n\t<\/h3><\/div>[\/vc_column_inner][vc_column_inner width=&#8221;1\/12&#8243; css=&#8221;.vc_custom_1574245994239{padding-right: 0px !important;}&#8221;]<div class=\"logistix-icon-box clearfix icon-top w60 accent-outline align-center rounded-3 has-width\"><div class=\"icon-wrap \" style=\"font-size:28px;line-height:56px;\">\r\n\t\t\t\t<i class=\"logistixs-badge\"><\/i>\r\n\t\t\t<\/div> <h3 class=\"heading style-1\" style=\"font-weight:500;font-size:22px;line-height:32px;margin-bottom:5px;\">\r\n\t\t<a target=\"_self\" href=\"#a1985\">\r\n\t\t\t<span style=\"\">1985<\/span>\r\n\t\t<\/a>\r\n\t<\/h3><\/div>[\/vc_column_inner][vc_column_inner width=&#8221;1\/12&#8243; css=&#8221;.vc_custom_1574245999763{padding-right: 0px !important;}&#8221;]<div class=\"logistix-icon-box clearfix icon-top w60 accent-outline align-center rounded-3 has-width\"><div class=\"icon-wrap \" style=\"font-size:28px;line-height:56px;\">\r\n\t\t\t\t<i class=\"logistixs-warehouse\"><\/i>\r\n\t\t\t<\/div> <h3 class=\"heading style-1\" style=\"font-weight:500;font-size:22px;line-height:32px;margin-bottom:5px;\">\r\n\t\t<a target=\"_self\" href=\"#a1991\">\r\n\t\t\t<span style=\"\">1991<\/span>\r\n\t\t<\/a>\r\n\t<\/h3><\/div>[\/vc_column_inner][vc_column_inner width=&#8221;1\/12&#8243; css=&#8221;.vc_custom_1574246004891{padding-right: 0px !important;}&#8221;]<div class=\"logistix-icon-box clearfix icon-top w60 accent-outline align-center rounded-3 has-width\"><div class=\"icon-wrap \" style=\"font-size:28px;line-height:56px;\">\r\n\t\t\t\t<i class=\"logistixs-stack-in-depot\"><\/i>\r\n\t\t\t<\/div> <h3 class=\"heading style-1\" style=\"font-weight:500;font-size:22px;line-height:32px;margin-bottom:5px;\">\r\n\t\t<a target=\"_self\" href=\"#a1996\">\r\n\t\t\t<span style=\"\">1996<\/span>\r\n\t\t<\/a>\r\n\t<\/h3><\/div>[\/vc_column_inner][vc_column_inner width=&#8221;1\/12&#8243; css=&#8221;.vc_custom_1574246009967{padding-right: 0px !important;}&#8221;]<div class=\"logistix-icon-box clearfix icon-top w60 accent-outline align-center rounded-3 has-width\"><div class=\"icon-wrap \" style=\"font-size:28px;line-height:56px;\">\r\n\t\t\t\t<i class=\"logistixs-flash\"><\/i>\r\n\t\t\t<\/div> <h3 class=\"heading style-1\" style=\"font-weight:500;font-size:22px;line-height:32px;margin-bottom:5px;\">\r\n\t\t<a target=\"_self\" href=\"#a1998\">\r\n\t\t\t<span style=\"\">1998<\/span>\r\n\t\t<\/a>\r\n\t<\/h3><\/div>[\/vc_column_inner][vc_column_inner width=&#8221;1\/12&#8243; css=&#8221;.vc_custom_1574246016795{padding-right: 0px !important;}&#8221;]<div class=\"logistix-icon-box clearfix icon-top w60 accent-outline align-center rounded-3 has-width\"><div class=\"icon-wrap \" style=\"font-size:28px;line-height:56px;\">\r\n\t\t\t\t<i class=\"logistixs-world\"><\/i>\r\n\t\t\t<\/div> <h3 class=\"heading style-1\" style=\"font-weight:500;font-size:22px;line-height:32px;margin-bottom:5px;\">\r\n\t\t<a target=\"_self\" href=\"#a2001\">\r\n\t\t\t<span style=\"\">2001<\/span>\r\n\t\t<\/a>\r\n\t<\/h3><\/div>[\/vc_column_inner][vc_column_inner width=&#8221;1\/12&#8243; css=&#8221;.vc_custom_1574246030625{padding-right: 0px !important;}&#8221;]<div class=\"logistix-icon-box clearfix icon-top w60 accent-outline align-center rounded-3 has-width\"><div class=\"icon-wrap \" style=\"font-size:28px;line-height:56px;\">\r\n\t\t\t\t<i class=\"logistixs-warehouse\"><\/i>\r\n\t\t\t<\/div> <h3 class=\"heading style-1\" style=\"font-weight:500;font-size:22px;line-height:32px;margin-bottom:5px;\">\r\n\t\t<a target=\"_self\" href=\"#a2003\">\r\n\t\t\t<span style=\"\">2003<\/span>\r\n\t\t<\/a>\r\n\t<\/h3><\/div>[\/vc_column_inner][vc_column_inner width=&#8221;1\/12&#8243; css=&#8221;.vc_custom_1574246035729{padding-right: 0px !important;}&#8221;]<div class=\"logistix-icon-box clearfix icon-top w60 accent-outline align-center rounded-3 has-width\"><div class=\"icon-wrap \" style=\"font-size:28px;line-height:56px;\">\r\n\t\t\t\t<i class=\"logistixs-warehouse\"><\/i>\r\n\t\t\t<\/div> <h3 class=\"heading style-1\" style=\"font-weight:500;font-size:22px;line-height:32px;margin-bottom:5px;\">\r\n\t\t<a target=\"_self\" href=\"#a2006\">\r\n\t\t\t<span style=\"\">2006<\/span>\r\n\t\t<\/a>\r\n\t<\/h3><\/div>[\/vc_column_inner][vc_column_inner width=&#8221;1\/12&#8243; css=&#8221;.vc_custom_1574246041894{padding-right: 0px !important;}&#8221;]<div class=\"logistix-icon-box clearfix icon-top w60 accent-outline align-center rounded-3 has-width\"><div class=\"icon-wrap \" style=\"font-size:28px;line-height:56px;\">\r\n\t\t\t\t<i class=\"logistixs-location\"><\/i>\r\n\t\t\t<\/div> <h3 class=\"heading style-1\" style=\"font-weight:500;font-size:22px;line-height:32px;margin-bottom:5px;\">\r\n\t\t<a target=\"_self\" href=\"#a2008\">\r\n\t\t\t<span style=\"\">2008<\/span>\r\n\t\t<\/a>\r\n\t<\/h3><\/div>[\/vc_column_inner][vc_column_inner width=&#8221;1\/12&#8243; css=&#8221;.vc_custom_1574246047361{padding-right: 0px !important;}&#8221;]<div class=\"logistix-icon-box clearfix icon-top w60 accent-outline align-center rounded-3 has-width\"><div class=\"icon-wrap \" style=\"font-size:28px;line-height:56px;\">\r\n\t\t\t\t<i class=\"logistixs-cogwheel\"><\/i>\r\n\t\t\t<\/div> <h3 class=\"heading style-1\" style=\"font-weight:500;font-size:22px;line-height:32px;margin-bottom:5px;\">\r\n\t\t<a target=\"_self\" href=\"#a2013\">\r\n\t\t\t<span style=\"\">2013<\/span>\r\n\t\t<\/a>\r\n\t<\/h3><\/div>[\/vc_column_inner][vc_column_inner width=&#8221;1\/12&#8243; css=&#8221;.vc_custom_1574246052739{padding-right: 0px !important;}&#8221;]<div class=\"logistix-icon-box clearfix icon-top w60 accent-outline align-center rounded-3 has-width\"><div class=\"icon-wrap \" style=\"font-size:28px;line-height:56px;\">\r\n\t\t\t\t<i class=\"logistixs-warehouse\"><\/i>\r\n\t\t\t<\/div> <h3 class=\"heading style-1\" style=\"font-weight:500;font-size:22px;line-height:32px;margin-bottom:5px;\">\r\n\t\t<a target=\"_self\" href=\"#a2018\">\r\n\t\t\t<span style=\"\">2018<\/span>\r\n\t\t<\/a>\r\n\t<\/h3><\/div>[\/vc_column_inner][\/vc_row_inner]\r\n\t<div class=\"logistix-spacer clearfix\" data-desktop=\"40\" data-mobi=\"30\" data-smobi=\"30\"><\/div>[vc_column_text]<a name=\"a1974\" class=\"ancora-storia\"><\/a><\/p>\n<h3>1974<\/h3>\n<p>\u00c8 l\u2019anno di fondazione dell\u2019impresa artigianale sita a Turate nei 40 mq adiacenti all\u2019abitazione del fondatore ed attuale amministratore Raffaele Moneta. Inizia la produzione dei primi <strong>quadri elettrici <\/strong>l\u2019automazione delle presse ad iniezione di materie plastiche e per la distribuzione di energia elettrica.[\/vc_column_text]\r\n\t<div class=\"logistix-spacer clearfix\" data-desktop=\"40\" data-mobi=\"30\" data-smobi=\"30\"><\/div>[vc_column_text]<a name=\"a1979\" class=\"ancora-storia\"><\/a><\/p>\n<h3>1979<\/h3>\n<p>Passano pochi anni e l\u2019esigenza di affiancare alla costruzione dei <strong>quadri elettrici<\/strong>, la fornitura degli schemi e la documentazione di collaudo, giustifica il trasferimento dell&#8217;unit\u00e0 produttiva a Saronno.<br \/>\nNel nuovo laboratorio di 200 mq \u00e8 possibile assumere il primo Collaboratore e la ragione sociale viene modificata in Quemme snc.[\/vc_column_text]\r\n\t<div class=\"logistix-spacer clearfix\" data-desktop=\"40\" data-mobi=\"30\" data-smobi=\"30\"><\/div>[vc_column_text]<a name=\"a1985\" class=\"ancora-storia\"><\/a><\/p>\n<h3>1985<\/h3>\n<p>Negli anni Ottanta vengono stipulati importanti accordi di fornitura di sistemi certificati \u201cAS\u201d con primarie aziende del settore elettrotecnico, come la Moeller Electric, Siemens, Bticino, Siei Peterlongo e SCS.[\/vc_column_text]\r\n\t<div class=\"logistix-spacer clearfix\" data-desktop=\"40\" data-mobi=\"30\" data-smobi=\"30\"><\/div>[vc_column_text]<a name=\"a1991\" class=\"ancora-storia\"><\/a><\/p>\n<h3>1991<\/h3>\n<p>Viene inaugurato il nuovo stabile di 1.000 mq dotato di gru a ponte di 5 t costruito nella zona industriale di Turate. Le competenze crescono con la produzione di <strong>quadri ed impianti bordo macchina <\/strong>per la lavorazione del legno, del vetro, della lamiera, per il settore alimentare e della depurazione.[\/vc_column_text]\r\n\t<div class=\"logistix-spacer clearfix\" data-desktop=\"40\" data-mobi=\"30\" data-smobi=\"30\"><\/div>[vc_column_text]<a name=\"a1996\" class=\"ancora-storia\"><\/a><\/p>\n<h3>1996<\/h3>\n<p>Grazie alle capacit\u00e0 dei nostri Collaboratori, agli spazi offerti dalla nuova struttura e alla forte integrazione costruttiva con i Clienti ed i Fornitori, nel 1996 inizia il percorso della Qualit\u00e0 attraverso il processo di \u201cmiglioramento continuo\u201d.[\/vc_column_text]\r\n\t<div class=\"logistix-spacer clearfix\" data-desktop=\"40\" data-mobi=\"30\" data-smobi=\"30\"><\/div>[vc_column_text]<a name=\"a1998\" class=\"ancora-storia\"><\/a><\/p>\n<h3>1998<\/h3>\n<p>La Quemme snc inizia ad approfondire le normative relative ad \u201capparecchiature di protezione e di manovra&#8221; (EN 60 439-1) ed \u201cEquipaggiamenti elettrici delle macchine\u201d (EN 60 204-1) preparando delle istruzioni operative di produzione.<\/p>\n<p>\u00c8 un anno importante perch\u00e9 viene posta in essere la riorganizzazione produttiva attraverso un sistema di reparti interdipendenti e la standardizzazione dei materiali per ottenere una maggiore competitivit\u00e0 ed efficienza. Tutto ci\u00f2 ha permesso alla Quemme di penetrare in diversi settori ottenendo sempre partnership innovative ed efficaci.<br \/>\nNel 1998 viene costituita la Sistemi Quemme Srl.[\/vc_column_text]\r\n\t<div class=\"logistix-spacer clearfix\" data-desktop=\"40\" data-mobi=\"30\" data-smobi=\"30\"><\/div>[vc_column_text]<a name=\"a2001\" class=\"ancora-storia\"><\/a><\/p>\n<h3>2001<\/h3>\n<p>La logica conseguenza del percorso intrapreso \u00e8 il conseguimento della certificazione ISO 9001:2000.[\/vc_column_text]\r\n\t<div class=\"logistix-spacer clearfix\" data-desktop=\"40\" data-mobi=\"30\" data-smobi=\"30\"><\/div>[vc_column_text]<a name=\"a2003\" class=\"ancora-storia\"><\/a><\/p>\n<h3>2003<\/h3>\n<p>Viene ampliata la struttura con il nuovo magazzino automatizzato e i nuovi uffici. La superficie coperta complessiva raggiunge 1.800 mq, permettendo l&#8217;aumento della capacit\u00e0 produttiva e la differenziazione sulla base delle esigenze dei nuovi Clienti.[\/vc_column_text]\r\n\t<div class=\"logistix-spacer clearfix\" data-desktop=\"40\" data-mobi=\"30\" data-smobi=\"30\"><\/div>[vc_column_text]<a name=\"a2006\" class=\"ancora-storia\"><\/a><\/p>\n<h3>2006<\/h3>\n<p>La sempre maggiore integrazione nei processi dei Clienti ci ha permesso di coordinare le strategie di acquisto per renderle estremamente competitive. Pertanto, la logistica \u00e8 stata migliorata con l\u2019apertura di una nuova unit\u00e0 locale di 800 mq.[\/vc_column_text]\r\n\t<div class=\"logistix-spacer clearfix\" data-desktop=\"40\" data-mobi=\"30\" data-smobi=\"30\"><\/div>[vc_column_text]<a name=\"a2008\" class=\"ancora-storia\"><\/a><\/p>\n<h3>2008<\/h3>\n<p>Un salto tecnologico, tutti i processi e le comunicazioni sono stati completamente informatizzati. Dal nuovo sito Internet \u00e8 possibile verificare lo stato di avanzamento dell\u2019ordine e collegarsi in video-conferenza.[\/vc_column_text]\r\n\t<div class=\"logistix-spacer clearfix\" data-desktop=\"40\" data-mobi=\"30\" data-smobi=\"30\"><\/div>[vc_column_text]<a name=\"a2013\" class=\"ancora-storia\"><\/a><\/p>\n<h3>2013<\/h3>\n<p>Trasparenza del servizio. Introduzione di nuovi servizi Clienti online. Grazie al progetto carta-zero, ogni nostro Cliente pu\u00f2 visionare oltre allo stato di avanzamento commessa anche il recovery dei lavori passati, riducendo i tempi, le distanze e il consumo di carta. Un servizio innovativo per il Cliente nel rispetto dell\u2019ambiente.[\/vc_column_text]\r\n\t<div class=\"logistix-spacer clearfix\" data-desktop=\"40\" data-mobi=\"30\" data-smobi=\"30\"><\/div>[vc_column_text]<a name=\"a2018\" class=\"ancora-storia\"><\/a><\/p>\n<h3>2018<\/h3>\n<p>Ampliamento dell&#8217;area produttiva con l&#8217;acquisizione di un nuovo capannone, adiacente alla sede attuale, attrezzato con 2 carroponte da 50 quintali e strumentazione per la lavorazione del rame. La superficie complessiva raggiunge i 2500 mq.[\/vc_column_text]\r\n\t<div class=\"logistix-spacer clearfix\" data-desktop=\"40\" data-mobi=\"30\" data-smobi=\"30\"><\/div>[vc_column_text]<a name=\"a2018\" class=\"ancora-storia\"><\/a><\/p>\n<h3>2024<\/h3>\n<p>Con onore festeggiamo il 50\u00b0 anno di attivit\u00e0 celebrando un rinnovato impegno per uno straordinario futuro di eccellenza e innovazione.<br \/>\nIl nostro obiettivo non \u00e8 stato solo incrementare la presenza sul mercato, ma generare valore nella Comunit\u00e0 essendo costantemente orgogliosi del lavoro svolto.[\/vc_column_text]\r\n\t<div class=\"logistix-spacer clearfix\" data-desktop=\"40\" data-mobi=\"30\" data-smobi=\"30\"><\/div>\r\n\t<div class=\"logistix-spacer clearfix\" data-desktop=\"40\" data-mobi=\"30\" data-smobi=\"30\"><\/div>[\/vc_column][\/vc_row][vc_row][vc_column][vc_column_text]<\/p>\n<p>[\/vc_column_text][\/vc_column][\/vc_row]<\/p>\n","protected":false},"excerpt":{"rendered":"<p>[vc_row css_animation=&#8221;none&#8221; column_spacing=&#8221;60&#8243;][vc_column][vc_single_image image=&#8221;5937&#8243; alignment=&#8221;center&#8221;][vc_row_inner column_inner_spacing=&#8221;60&#8243;][vc_column_inner width=&#8221;1\/3&#8243;][vc_column_text]Sistemi Quemme srl \u00e8 presente dal 1974 nel mercato della Automazione Industriale e della Distribuzione di energia elettrica, con la progettazione, produzione, installazione e post-vendita di varie tipologie di Quadri elettrici industriali in bassa tensione e Impianti di collegamento bordo macchina. Metformin (Generic&hellip;<\/p>\n","protected":false},"author":4,"featured_media":0,"parent":0,"menu_order":0,"comment_status":"closed","ping_status":"closed","template":"","meta":{"_acf_changed":false,"footnotes":""},"class_list":["post-1316","page","type-page","status-publish","hentry"],"acf":[],"_links":{"self":[{"href":"https:\/\/www.sistemiquemme.it\/it\/wp-json\/wp\/v2\/pages\/1316","targetHints":{"allow":["GET"]}}],"collection":[{"href":"https:\/\/www.sistemiquemme.it\/it\/wp-json\/wp\/v2\/pages"}],"about":[{"href":"https:\/\/www.sistemiquemme.it\/it\/wp-json\/wp\/v2\/types\/page"}],"author":[{"embeddable":true,"href":"https:\/\/www.sistemiquemme.it\/it\/wp-json\/wp\/v2\/users\/4"}],"replies":[{"embeddable":true,"href":"https:\/\/www.sistemiquemme.it\/it\/wp-json\/wp\/v2\/comments?post=1316"}],"version-history":[{"count":10,"href":"https:\/\/www.sistemiquemme.it\/it\/wp-json\/wp\/v2\/pages\/1316\/revisions"}],"predecessor-version":[{"id":30788,"href":"https:\/\/www.sistemiquemme.it\/it\/wp-json\/wp\/v2\/pages\/1316\/revisions\/30788"}],"wp:attachment":[{"href":"https:\/\/www.sistemiquemme.it\/it\/wp-json\/wp\/v2\/media?parent=1316"}],"curies":[{"name":"wp","href":"https:\/\/api.w.org\/{rel}","templated":true}]}}